{"id":338,"date":"2023-04-06T20:50:56","date_gmt":"2023-04-06T20:50:56","guid":{"rendered":"https:\/\/evansgrouplaw.com\/?page_id=338"},"modified":"2024-04-29T11:13:45","modified_gmt":"2024-04-29T16:13:45","slug":"present","status":"publish","type":"page","link":"https:\/\/evansgrouplaw.com\/en\/present\/","title":{"rendered":"Present"},"content":{"rendered":"\t\t<div data-elementor-type=\"wp-page\" data-elementor-id=\"338\" class=\"elementor elementor-338\" data-elementor-post-type=\"page\">\n\t\t\t\t\t\t<section class=\"elementor-section elementor-top-section elementor-element elementor-element-72b0edd elementor-section-full_width elementor-section-height-default elementor-section-height-default\" data-id=\"72b0edd\" data-element_type=\"section\">\n\t\t\t\t\t\t<div class=\"elementor-container elementor-column-gap-default\">\n\t\t\t\t\t<div class=\"elementor-column elementor-col-100 elementor-top-column elementor-element elementor-element-924e7a9\" data-id=\"924e7a9\" data-element_type=\"column\">\n\t\t\t<div class=\"elementor-widget-wrap elementor-element-populated\">\n\t\t\t\t\t\t<div class=\"elementor-element elementor-element-e3d54e0 elementor-widget elementor-widget-heading\" data-id=\"e3d54e0\" data-element_type=\"widget\" data-widget_type=\"heading.default\">\n\t\t\t\t<div class=\"elementor-widget-container\">\n\t\t\t\t\t<h1 class=\"elementor-heading-title elementor-size-default\">News<\/h1>\t\t\t\t<\/div>\n\t\t\t\t<\/div>\n\t\t\t\t<div class=\"elementor-element elementor-element-ee9a6f3 elementor-widget-divider--view-line elementor-widget elementor-widget-divider\" data-id=\"ee9a6f3\" data-element_type=\"widget\" data-widget_type=\"divider.default\">\n\t\t\t\t<div class=\"elementor-widget-container\">\n\t\t\t\t\t\t\t<div class=\"elementor-divider\">\n\t\t\t<span class=\"elementor-divider-separator\">\n\t\t\t\t\t\t<\/span>\n\t\t<\/div>\n\t\t\t\t\t\t<\/div>\n\t\t\t\t<\/div>\n\t\t\t\t<div class=\"elementor-element elementor-element-8187891 elementor-grid-3 elementor-grid-tablet-2 elementor-grid-mobile-1 elementor-posts--thumbnail-top elementor-card-shadow-yes elementor-posts__hover-gradient elementor-widget elementor-widget-posts\" data-id=\"8187891\" data-element_type=\"widget\" data-settings=\"{&quot;cards_masonry&quot;:&quot;yes&quot;,&quot;cards_columns&quot;:&quot;3&quot;,&quot;cards_columns_tablet&quot;:&quot;2&quot;,&quot;cards_columns_mobile&quot;:&quot;1&quot;,&quot;cards_row_gap&quot;:{&quot;unit&quot;:&quot;px&quot;,&quot;size&quot;:35,&quot;sizes&quot;:[]},&quot;cards_row_gap_tablet&quot;:{&quot;unit&quot;:&quot;px&quot;,&quot;size&quot;:&quot;&quot;,&quot;sizes&quot;:[]},&quot;cards_row_gap_mobile&quot;:{&quot;unit&quot;:&quot;px&quot;,&quot;size&quot;:&quot;&quot;,&quot;sizes&quot;:[]}}\" data-widget_type=\"posts.cards\">\n\t\t\t\t<div class=\"elementor-widget-container\">\n\t\t\t\t\t\t\t<div class=\"elementor-posts-container elementor-posts elementor-posts--skin-cards elementor-grid\" role=\"list\">\n\t\t\t\t<article class=\"elementor-post elementor-grid-item post-499 post type-post status-publish format-standard has-post-thumbnail hentry category-news\" role=\"listitem\">\n\t\t\t<div class=\"elementor-post__card\">\n\t\t\t\t<a class=\"elementor-post__thumbnail__link\" href=\"https:\/\/evansgrouplaw.com\/en\/fernando-berroa-jovane\/\" tabindex=\"-1\" ><div class=\"elementor-post__thumbnail\"><img fetchpriority=\"high\" decoding=\"async\" width=\"281\" height=\"300\" src=\"https:\/\/evansgrouplaw.com\/wp-content\/uploads\/2023\/04\/Fernando-berroa.jpg\" class=\"attachment-medium size-medium wp-image-222\" alt=\"\" \/><\/div><\/a>\n\t\t\t\t<div class=\"elementor-post__text\">\n\t\t\t\t<h3 class=\"elementor-post__title\">\n\t\t\t<a href=\"https:\/\/evansgrouplaw.com\/en\/fernando-berroa-jovane\/\" >\n\t\t\t\tFernando Berroa Jovan\u00e9\t\t\t<\/a>\n\t\t<\/h3>\n\t\t\t\t<div class=\"elementor-post__excerpt\">\n\t\t\t<p>Nos complace informar la incorporaci\u00f3n de Fernando Berroa Jovan\u00e9, como abogado de EVANS GROUP.<\/p>\n\t\t<\/div>\n\t\t\n\t\t<a class=\"elementor-post__read-more\" href=\"https:\/\/evansgrouplaw.com\/en\/fernando-berroa-jovane\/\" aria-label=\"Read more about Fernando Berroa Jovan\u00e9\" tabindex=\"-1\" >\n\t\t\tRead more \u00bb\t\t<\/a>\n\n\t\t\t\t<\/div>\n\t\t\t\t<div class=\"elementor-post__meta-data\">\n\t\t\t\t\t<span class=\"elementor-post-date\">\n\t\t\t07\/05\/2022\t\t<\/span>\n\t\t\t\t<\/div>\n\t\t\t\t\t<\/div>\n\t\t<\/article>\n\t\t\t\t<article class=\"elementor-post elementor-grid-item post-495 post type-post status-publish format-standard has-post-thumbnail hentry category-news\" role=\"listitem\">\n\t\t\t<div class=\"elementor-post__card\">\n\t\t\t\t<a class=\"elementor-post__thumbnail__link\" href=\"https:\/\/evansgrouplaw.com\/en\/chambers-and-partners-latin-america-2022\/\" tabindex=\"-1\" ><div class=\"elementor-post__thumbnail\"><img decoding=\"async\" width=\"300\" height=\"274\" src=\"https:\/\/evansgrouplaw.com\/wp-content\/uploads\/2021\/09\/chamber-2022.jpg\" class=\"attachment-medium size-medium wp-image-460\" alt=\"\" \/><\/div><\/a>\n\t\t\t\t<div class=\"elementor-post__text\">\n\t\t\t\t<h3 class=\"elementor-post__title\">\n\t\t\t<a href=\"https:\/\/evansgrouplaw.com\/en\/chambers-and-partners-latin-america-2022\/\" >\n\t\t\t\tChambers and Partners Latin America 2022\t\t\t<\/a>\n\t\t<\/h3>\n\t\t\t\t<div class=\"elementor-post__excerpt\">\n\t\t\t<p>Estamos orgullosos de ser una vez m\u00e1s parte de la Gu\u00eda de Latinoam\u00e9rica 2022 de Chambers and Partners y&#8230;<\/p>\n\t\t<\/div>\n\t\t\n\t\t<a class=\"elementor-post__read-more\" href=\"https:\/\/evansgrouplaw.com\/en\/chambers-and-partners-latin-america-2022\/\" aria-label=\"Read more about Chambers and Partners Latin America 2022\" tabindex=\"-1\" >\n\t\t\tRead more \u00bb\t\t<\/a>\n\n\t\t\t\t<\/div>\n\t\t\t\t<div class=\"elementor-post__meta-data\">\n\t\t\t\t\t<span class=\"elementor-post-date\">\n\t\t\t15\/03\/2022\t\t<\/span>\n\t\t\t\t<\/div>\n\t\t\t\t\t<\/div>\n\t\t<\/article>\n\t\t\t\t<article class=\"elementor-post elementor-grid-item post-488 post type-post status-publish format-standard has-post-thumbnail hentry category-news\" role=\"listitem\">\n\t\t\t<div class=\"elementor-post__card\">\n\t\t\t\t<a class=\"elementor-post__thumbnail__link\" href=\"https:\/\/evansgrouplaw.com\/en\/lacca-destaca-a-evans-gonzalez-moreno-asociados\/\" tabindex=\"-1\" ><div class=\"elementor-post__thumbnail\"><img decoding=\"async\" width=\"300\" height=\"157\" src=\"https:\/\/evansgrouplaw.com\/wp-content\/uploads\/2020\/11\/lacca-aproved.jpg\" class=\"attachment-medium size-medium wp-image-435\" alt=\"\" \/><\/div><\/a>\n\t\t\t\t<div class=\"elementor-post__text\">\n\t\t\t\t<h3 class=\"elementor-post__title\">\n\t\t\t<a href=\"https:\/\/evansgrouplaw.com\/en\/lacca-destaca-a-evans-gonzalez-moreno-asociados\/\" >\n\t\t\t\tLACCA destaca a Evans Gonzalez Moreno &amp; Asociados\t\t\t<\/a>\n\t\t<\/h3>\n\t\t\t\t<div class=\"elementor-post__excerpt\">\n\t\t\t<p>Nos enorgullece compartir una vez m\u00e1s, nuestra inclusi\u00f3n en LACCA 2021, listado de las firmas de abogados que han representado a las 100 compa\u00f1\u00edas m\u00e1s grandes de Latinoam\u00e9rica.<\/p>\n\t\t<\/div>\n\t\t\n\t\t<a class=\"elementor-post__read-more\" href=\"https:\/\/evansgrouplaw.com\/en\/lacca-destaca-a-evans-gonzalez-moreno-asociados\/\" aria-label=\"Read more about LACCA destaca a Evans Gonzalez Moreno &amp; Asociados\" tabindex=\"-1\" >\n\t\t\tRead more \u00bb\t\t<\/a>\n\n\t\t\t\t<\/div>\n\t\t\t\t<div class=\"elementor-post__meta-data\">\n\t\t\t\t\t<span class=\"elementor-post-date\">\n\t\t\t19\/11\/2020\t\t<\/span>\n\t\t\t\t<\/div>\n\t\t\t\t\t<\/div>\n\t\t<\/article>\n\t\t\t\t<article class=\"elementor-post elementor-grid-item post-479 post type-post status-publish format-standard has-post-thumbnail hentry category-news\" role=\"listitem\">\n\t\t\t<div class=\"elementor-post__card\">\n\t\t\t\t<a class=\"elementor-post__thumbnail__link\" href=\"https:\/\/evansgrouplaw.com\/en\/evans-gonzalez-moreno-asociados-juramentado-como-miembro-de-la-cciap\/\" tabindex=\"-1\" ><div class=\"elementor-post__thumbnail\"><img loading=\"lazy\" decoding=\"async\" width=\"300\" height=\"157\" src=\"https:\/\/evansgrouplaw.com\/wp-content\/uploads\/2023\/04\/CCIA.jpg\" class=\"attachment-medium size-medium wp-image-421\" alt=\"\" \/><\/div><\/a>\n\t\t\t\t<div class=\"elementor-post__text\">\n\t\t\t\t<h3 class=\"elementor-post__title\">\n\t\t\t<a href=\"https:\/\/evansgrouplaw.com\/en\/evans-gonzalez-moreno-asociados-juramentado-como-miembro-de-la-cciap\/\" >\n\t\t\t\tEvans Gonzalez Moreno &amp; Asociados juramentado como miembro de la CCIAP\t\t\t<\/a>\n\t\t<\/h3>\n\t\t\t\t<div class=\"elementor-post__excerpt\">\n\t\t\t<p>Ayer nuestra firma Evans Gonzalez Moreno &#038; Asociados tom\u00f3 juramentaci\u00f3n como nuevo miembro de la C\u00e1mara de Comercio, Industrias y Agricultura de Panam\u00e1, en&#8230;<\/p>\n\t\t<\/div>\n\t\t\n\t\t<a class=\"elementor-post__read-more\" href=\"https:\/\/evansgrouplaw.com\/en\/evans-gonzalez-moreno-asociados-juramentado-como-miembro-de-la-cciap\/\" aria-label=\"Read more about Evans Gonzalez Moreno &amp; Asociados juramentado como miembro de la CCIAP\" tabindex=\"-1\" >\n\t\t\tRead more \u00bb\t\t<\/a>\n\n\t\t\t\t<\/div>\n\t\t\t\t<div class=\"elementor-post__meta-data\">\n\t\t\t\t\t<span class=\"elementor-post-date\">\n\t\t\t19\/11\/2020\t\t<\/span>\n\t\t\t\t<\/div>\n\t\t\t\t\t<\/div>\n\t\t<\/article>\n\t\t\t\t<article class=\"elementor-post elementor-grid-item post-385 post type-post status-publish format-standard has-post-thumbnail hentry category-news\" role=\"listitem\">\n\t\t\t<div class=\"elementor-post__card\">\n\t\t\t\t<a class=\"elementor-post__thumbnail__link\" href=\"https:\/\/evansgrouplaw.com\/en\/true-experts-in-procedural-law-in-panama-legal-500-latin-america-2021\/\" tabindex=\"-1\" ><div class=\"elementor-post__thumbnail\"><img loading=\"lazy\" decoding=\"async\" width=\"300\" height=\"300\" src=\"https:\/\/evansgrouplaw.com\/wp-content\/uploads\/2023\/04\/legal500.jpg\" class=\"attachment-medium size-medium wp-image-402\" alt=\"\" \/><\/div><\/a>\n\t\t\t\t<div class=\"elementor-post__text\">\n\t\t\t\t<h3 class=\"elementor-post__title\">\n\t\t\t<a href=\"https:\/\/evansgrouplaw.com\/en\/true-experts-in-procedural-law-in-panama-legal-500-latin-america-2021\/\" >\n\t\t\t\t&#8220;True experts in Procedural Law in Panama&#8221;, Legal 500 Latin America 2021\t\t\t<\/a>\n\t\t<\/h3>\n\t\t\t\t<div class=\"elementor-post__excerpt\">\n\t\t\t<p>For the third consecutive year, Evans Gonzalez Moreno was named by The Legal 500 Latin America as one of the leading law firms in Panama<\/p>\n\t\t<\/div>\n\t\t\n\t\t<a class=\"elementor-post__read-more\" href=\"https:\/\/evansgrouplaw.com\/en\/true-experts-in-procedural-law-in-panama-legal-500-latin-america-2021\/\" aria-label=\"Read more about &#8220;True experts in Procedural Law in Panama&#8221;, Legal 500 Latin America 2021\" tabindex=\"-1\" >\n\t\t\tRead more \u00bb\t\t<\/a>\n\n\t\t\t\t<\/div>\n\t\t\t\t<div class=\"elementor-post__meta-data\">\n\t\t\t\t\t<span class=\"elementor-post-date\">\n\t\t\t13\/10\/2020\t\t<\/span>\n\t\t\t\t<\/div>\n\t\t\t\t\t<\/div>\n\t\t<\/article>\n\t\t\t\t<article class=\"elementor-post elementor-grid-item post-387 post type-post status-publish format-standard has-post-thumbnail hentry category-news\" role=\"listitem\">\n\t\t\t<div class=\"elementor-post__card\">\n\t\t\t\t<a class=\"elementor-post__thumbnail__link\" href=\"https:\/\/evansgrouplaw.com\/en\/elementor-364\/\" tabindex=\"-1\" ><div class=\"elementor-post__thumbnail\"><img loading=\"lazy\" decoding=\"async\" width=\"300\" height=\"300\" src=\"https:\/\/evansgrouplaw.com\/wp-content\/uploads\/2023\/04\/ChambersPartners.png\" class=\"attachment-medium size-medium wp-image-369\" alt=\"\" \/><\/div><\/a>\n\t\t\t\t<div class=\"elementor-post__text\">\n\t\t\t\t<h3 class=\"elementor-post__title\">\n\t\t\t<a href=\"https:\/\/evansgrouplaw.com\/en\/elementor-364\/\" >\n\t\t\t\tChambers and Partners Latin America 2021\t\t\t<\/a>\n\t\t<\/h3>\n\t\t\t\t<div class=\"elementor-post__excerpt\">\n\t\t\t<p>Estamos orgullosos de ser una vez m\u00e1s parte de Chambers and Partners Latin America Guide 2021 y complacidos de compartir que fuimos reconocidos entre las mejores firmas de abogados de Resoluci\u00f3n de Conflictos en Panam\u00e1.<\/p>\n\t\t<\/div>\n\t\t\n\t\t<a class=\"elementor-post__read-more\" href=\"https:\/\/evansgrouplaw.com\/en\/elementor-364\/\" aria-label=\"Read more about Chambers and Partners Latin America 2021\" tabindex=\"-1\" >\n\t\t\tRead more \u00bb\t\t<\/a>\n\n\t\t\t\t<\/div>\n\t\t\t\t<div class=\"elementor-post__meta-data\">\n\t\t\t\t\t<span class=\"elementor-post-date\">\n\t\t\t25\/09\/2020\t\t<\/span>\n\t\t\t\t<\/div>\n\t\t\t\t\t<\/div>\n\t\t<\/article>\n\t\t\t\t<\/div>\n\t\t\n\t\t\t\t\t\t<\/div>\n\t\t\t\t<\/div>\n\t\t\t\t\t<\/div>\n\t\t<\/div>\n\t\t\t\t\t<\/div>\n\t\t<\/section>\n\t\t\t\t<\/div>\n\t\t","protected":false},"excerpt":{"rendered":"<p>News<\/p>\n","protected":false},"author":1,"featured_media":0,"parent":0,"menu_order":0,"comment_status":"closed","ping_status":"closed","template":"elementor_header_footer","meta":{"footnotes":""},"class_list":["post-338","page","type-page","status-publish","hentry"],"_links":{"self":[{"href":"https:\/\/evansgrouplaw.com\/en\/wp-json\/wp\/v2\/pages\/338","targetHints":{"allow":["GET"]}}],"collection":[{"href":"https:\/\/evansgrouplaw.com\/en\/wp-json\/wp\/v2\/pages"}],"about":[{"href":"https:\/\/evansgrouplaw.com\/en\/wp-json\/wp\/v2\/types\/page"}],"author":[{"embeddable":true,"href":"https:\/\/evansgrouplaw.com\/en\/wp-json\/wp\/v2\/users\/1"}],"replies":[{"embeddable":true,"href":"https:\/\/evansgrouplaw.com\/en\/wp-json\/wp\/v2\/comments?post=338"}],"version-history":[{"count":20,"href":"https:\/\/evansgrouplaw.com\/en\/wp-json\/wp\/v2\/pages\/338\/revisions"}],"predecessor-version":[{"id":797,"href":"https:\/\/evansgrouplaw.com\/en\/wp-json\/wp\/v2\/pages\/338\/revisions\/797"}],"wp:attachment":[{"href":"https:\/\/evansgrouplaw.com\/en\/wp-json\/wp\/v2\/media?parent=338"}],"curies":[{"name":"wp","href":"https:\/\/api.w.org\/{rel}","templated":true}]}}